{"id":2,"date":"2026-03-23T09:53:27","date_gmt":"2026-03-23T09:53:27","guid":{"rendered":"http:\/\/zweidreida.ch\/?page_id=2"},"modified":"2026-03-30T08:14:32","modified_gmt":"2026-03-30T08:14:32","slug":"sample-page","status":"publish","type":"page","link":"https:\/\/zweidreida.ch\/index.php\/sample-page\/","title":{"rendered":"Werke"},"content":{"rendered":"\n<div class=\"wp-block-group is-layout-constrained wp-block-group-is-layout-constrained\">\n<p class=\"has-medium-font-size\"><strong>Drei biographische Portr\u00e4ts aus K\u00f6niz<\/strong><br>Lesungen <br>Urauff\u00fchrungen 2024 bei HEUTE HIER \u2013&nbsp;Regiotheater K\u00f6niz<br><br><strong>Weinen und K\u00e4se<\/strong><br>Szenischer Text f\u00fcr Kinder<br><a href=\"https:\/\/heutehier.ch\/12-08-23-lesung-weinen-und-kaese-schulhaus-mengestorf\/\" target=\"_blank\" rel=\"noreferrer noopener\">Ufauff\u00fchrung 2023 bei HEUTE HIER \u2013&nbsp;Regiotheater K\u00f6niz<\/a><br><br><strong>Zwischen hier und dort<\/strong><br>Musiktheater<br>Text und Gesamtregie<br><a href=\"http:\/\/zweidreida.ch\/wp-content\/uploads\/2026\/03\/Medien-Zwischen-hier-und-dort.pdf\" target=\"_blank\" rel=\"noreferrer noopener\">Urauff\u00fchrung 2022<\/a><\/p>\n\n\n\n<p class=\"has-medium-font-size\"><strong>Durchs Loch beim Eisenring<\/strong><br>In: <a href=\"https:\/\/www.herausgeber.ch\/product-page\/aarauer-kurzgeschichten\" data-type=\"link\" data-id=\"https:\/\/www.herausgeber.ch\/product-page\/aarauer-kurzgeschichten\">Aarauer Kurzgeschichten<\/a><br>Herausgeber Verlag<br>2022<\/p>\n\n\n\n<p class=\"has-medium-font-size\"><strong>Z\u2019MITZT AM RAND<\/strong><br>Ein gross angelegtes Wimmelst\u00fcck<br>diverse Theatertexte &amp; Gesamtregie<br><a href=\"https:\/\/www.grenchnertagblatt.ch\/solothurn\/grenchen\/bachtelen-jubilaumsstuck-uberfordert-den-zuschauer-gewollt-ld.1290790\" target=\"_blank\" rel=\"noreferrer noopener\">Urauff\u00fchrung 2016<\/a><\/p>\n\n\n\n<div style=\"height:33px\" aria-hidden=\"true\" class=\"wp-block-spacer\"><\/div>\n\n\n\n<p class=\"has-medium-font-size\"><strong>Game Over<\/strong><br>Theatertext<br>2014<\/p>\n<\/div>\n\n\n\n<p class=\"has-medium-font-size\"><strong>Manchmal erz\u00e4hle ich von meiner Grossmutter<\/strong><br>Text<br>In: <a href=\"https:\/\/www.herausgeber.ch\/product-page\/mein-aarau\" target=\"_blank\" rel=\"noreferrer noopener\">Mein Aarau<\/a>, Herausgeber Verlag<br>2013<\/p>\n\n\n\n<p class=\"has-medium-font-size\"><strong>Missverst\u00e4ndnis<\/strong><br>Theatertext<br>2013<\/p>\n\n\n\n<p class=\"has-medium-font-size\"><strong>Der Traum vom Fliegen<\/strong><br>In: <a href=\"https:\/\/www.derbund.ch\/61-sichtweisen-auf-den-berner-alltag-307832689008\" target=\"_blank\" rel=\"noreferrer noopener\">Bernsehen II<\/a><br>Bernsehen<br>2013<\/p>\n\n\n\n<p class=\"has-medium-font-size\"><strong>Eine Menge Sekunden<\/strong><br>Theatertext<br>2012<\/p>\n\n\n\n<p class=\"has-medium-font-size\"><strong>Umarmungen im Liebefeld<\/strong><br>In: <a href=\"https:\/\/www.herausgeber.ch\/product-page\/k%C3%B6niz\" target=\"_blank\" rel=\"noreferrer noopener\">K\u00f6niz<\/a><br>Herausgeber Verlag<br>2011<\/p>\n\n\n\n<p class=\"has-medium-font-size\"><a href=\"https:\/\/www.srf.ch\/audio\/srf-kids-hoerspiele-geschichten-fuer-kinder\/staffel-2-kapitaen-hildebrand-ein-chaotisches-abenteuer-auf-dem-meer?id=46f73e90-3e04-4d2c-a2a8-04e6a8d75c9f\" target=\"_blank\" rel=\"noreferrer noopener\"><strong>K\u00e4ptn Hildebrand, Staffel 1<\/strong><\/a><br>Eine Kindergeschichte in Episoden<br>Produktion: SRF1<br>Erstausstrahlung: 2011<\/p>\n\n\n\n<p class=\"has-medium-font-size\"><strong>Kurven kratzen<\/strong><br>Theatertext<br>2011<\/p>\n\n\n\n<p class=\"has-medium-font-size\"><strong><a href=\"https:\/\/www.srf.ch\/audio\/srf-kids-hoerspiele-geschichten-fuer-kinder\/vowaege-zwaerge-ein-abenteuerhoerspiel?id=5df832f7-7386-48b3-9847-4b17f5e4f09c\" target=\"_blank\" rel=\"noreferrer noopener\">Vow\u00e4ge Zw\u00e4rge<\/a><\/strong><br>Kinderh\u00f6rspiel in 10 Teilen<br>Produktion: SRF1<br>Erstausstrahlung: 2010<\/p>\n\n\n\n<p class=\"has-medium-font-size\"><a href=\"https:\/\/www.srf.ch\/audio\/srf-kids-hoerspiele-geschichten-fuer-kinder\/kapitaen-hildebrand-und-sein-segelschiff-sonnenstrahl-staffel-1?id=145be91d-bbdb-4e94-915a-845a2b6f5be5\" target=\"_blank\" rel=\"noreferrer noopener\"><strong>K\u00e4ptn Hildebrand<\/strong>, Staffel 1<\/a><br>Eine Kindergeschichte in Episoden<br>Produktion: SRF1<br>Erstausstrahlung: 2009<\/p>\n\n\n\n<p class=\"has-medium-font-size\"><strong>Eltern<\/strong><br>Schreckm\u00fcmpfeli<br>Produktion: SRF1<br>Erstausstrahlung: 2009<\/p>\n\n\n\n<p class=\"has-medium-font-size\"><strong>Schn\u00e4gge<\/strong><br>Drei Kindergeschichten<br>Eigenverlag<br>2007<\/p>\n\n\n\n<p class=\"has-medium-font-size\"><strong>De Jonas und de Mampf<\/strong><br>Eine Kindergeschichte<br>Produktion: SRF1<br>Erstausstrahlung 2006<\/p>\n\n\n\n<p class=\"has-medium-font-size\"><strong>Heute baue ich ein Schiff<\/strong><br>Gewinnertext OpenNet-Wettbewerb der Solothurner Literaturtage 2005 <\/p>\n\n\n\n<p class=\"has-medium-font-size\"><strong>Rosella Kunz<\/strong><br>Eine Weihnachtsgeschichte<br>Lesung Theater Tuchlaube, Aarau, 2001<\/p>\n\n\n\n<p><\/p>\n","protected":false},"excerpt":{"rendered":"<p>Drei biographische Portr\u00e4ts aus K\u00f6nizLesungen Urauff\u00fchrungen 2024 bei HEUTE HIER \u2013&nbsp;Regiotheater K\u00f6niz Weinen und K\u00e4seSzenischer Text f\u00fcr KinderUfauff\u00fchrung 2023 bei HEUTE HIER \u2013&nbsp;Regiotheater K\u00f6niz Zwischen hier und dortMusiktheaterText und GesamtregieUrauff\u00fchrung 2022 Durchs Loch beim EisenringIn: Aarauer KurzgeschichtenHerausgeber Verlag2022 Z\u2019MITZT AM RANDEin gross angelegtes Wimmelst\u00fcckdiverse Theatertexte &amp; GesamtregieUrauff\u00fchrung 2016 Game OverTheatertext2014 Manchmal erz\u00e4hle ich von meiner [&hellip;]<\/p>\n","protected":false},"author":1,"featured_media":0,"parent":0,"menu_order":0,"comment_status":"closed","ping_status":"open","template":"","meta":{"_themeisle_gutenberg_block_has_review":false,"footnotes":""},"class_list":["post-2","page","type-page","status-publish","hentry"],"_links":{"self":[{"href":"https:\/\/zweidreida.ch\/index.php\/wp-json\/wp\/v2\/pages\/2","targetHints":{"allow":["GET"]}}],"collection":[{"href":"https:\/\/zweidreida.ch\/index.php\/wp-json\/wp\/v2\/pages"}],"about":[{"href":"https:\/\/zweidreida.ch\/index.php\/wp-json\/wp\/v2\/types\/page"}],"author":[{"embeddable":true,"href":"https:\/\/zweidreida.ch\/index.php\/wp-json\/wp\/v2\/users\/1"}],"replies":[{"embeddable":true,"href":"https:\/\/zweidreida.ch\/index.php\/wp-json\/wp\/v2\/comments?post=2"}],"version-history":[{"count":13,"href":"https:\/\/zweidreida.ch\/index.php\/wp-json\/wp\/v2\/pages\/2\/revisions"}],"predecessor-version":[{"id":128,"href":"https:\/\/zweidreida.ch\/index.php\/wp-json\/wp\/v2\/pages\/2\/revisions\/128"}],"wp:attachment":[{"href":"https:\/\/zweidreida.ch\/index.php\/wp-json\/wp\/v2\/media?parent=2"}],"curies":[{"name":"wp","href":"https:\/\/api.w.org\/{rel}","templated":true}]}}